{"id":34,"date":"2026-05-02T17:22:35","date_gmt":"2026-05-02T22:22:35","guid":{"rendered":"https:\/\/redescuentos.com\/?post_type=product&#038;p=34"},"modified":"2026-05-02T17:23:01","modified_gmt":"2026-05-02T22:23:01","slug":"cortacuticula-raugcci-academico","status":"publish","type":"product","link":"https:\/\/redescuentos.com\/?product=cortacuticula-raugcci-academico","title":{"rendered":"Cortacut\u00edcula Raugcci Acad\u00e9mico"},"content":{"rendered":"<h3>Cortacut\u00edcula Raugcci para Academia<\/h3>\n<ul>\n<li>Tama\u00f1o: 9 cm<\/li>\n<li>Tipo de uso: Manicuristas, Estudiantes de Academia, Uso personal.<\/li>\n<li>Tipo de Filo: 5 &#8211; 6 mm<\/li>\n<li><em>Raugcci es una marca con 20 a\u00f1os de presencia en el mercado gracias a su excelente y reconocida calidad.\u00a0<\/em><\/li>\n<\/ul>\n","protected":false},"excerpt":{"rendered":"<p>Cortacut\u00edcula Perfecto para estilistas, academia y hogar<\/p>\n<p>A un precio econ\u00f3mico<\/p>\n<p>Env\u00edos a toda Colombia!<\/p>\n<p>&nbsp;<\/p>\n","protected":false},"featured_media":143,"comment_status":"closed","ping_status":"closed","template":"","meta":[],"product_brand":[19],"product_cat":[23],"product_tag":[17,18],"class_list":{"0":"post-34","1":"product","2":"type-product","3":"status-publish","4":"has-post-thumbnail","6":"product_brand-raugcci","7":"product_cat-cortacuticulas","8":"product_tag-corte","9":"product_tag-microdentadas","11":"first","12":"instock","13":"shipping-taxable","14":"purchasable","15":"product-type-simple"},"_links":{"self":[{"href":"https:\/\/redescuentos.com\/index.php?rest_route=\/wp\/v2\/product\/34","targetHints":{"allow":["GET"]}}],"collection":[{"href":"https:\/\/redescuentos.com\/index.php?rest_route=\/wp\/v2\/product"}],"about":[{"href":"https:\/\/redescuentos.com\/index.php?rest_route=\/wp\/v2\/types\/product"}],"replies":[{"embeddable":true,"href":"https:\/\/redescuentos.com\/index.php?rest_route=%2Fwp%2Fv2%2Fcomments&post=34"}],"wp:featuredmedia":[{"embeddable":true,"href":"https:\/\/redescuentos.com\/index.php?rest_route=\/wp\/v2\/media\/143"}],"wp:attachment":[{"href":"https:\/\/redescuentos.com\/index.php?rest_route=%2Fwp%2Fv2%2Fmedia&parent=34"}],"wp:term":[{"taxonomy":"product_brand","embeddable":true,"href":"https:\/\/redescuentos.com\/index.php?rest_route=%2Fwp%2Fv2%2Fproduct_brand&post=34"},{"taxonomy":"product_cat","embeddable":true,"href":"https:\/\/redescuentos.com\/index.php?rest_route=%2Fwp%2Fv2%2Fproduct_cat&post=34"},{"taxonomy":"product_tag","embeddable":true,"href":"https:\/\/redescuentos.com\/index.php?rest_route=%2Fwp%2Fv2%2Fproduct_tag&post=34"}],"curies":[{"name":"wp","href":"https:\/\/api.w.org\/{rel}","templated":true}]}}