{"id":477,"date":"2026-05-02T17:24:32","date_gmt":"2026-05-02T22:24:32","guid":{"rendered":"https:\/\/redescuentos.com\/?post_type=product&#038;p=477"},"modified":"2026-05-02T17:24:50","modified_gmt":"2026-05-02T22:24:50","slug":"tijeras-raugcci-linea-profesional-zafiro-disenos-entresacar-sencilla-zebra","status":"publish","type":"product","link":"https:\/\/redescuentos.com\/?product=tijeras-raugcci-linea-profesional-zafiro-disenos-entresacar-sencilla-zebra","title":{"rendered":"Tijeras Raugcci L\u00ednea Profesional Zafiro Dise\u00f1os Entresacar Sencilla Zebra"},"content":{"rendered":"<h3>Tijeras para Entresacado de cabello Raugcci Profesional L\u00ecnea Profesional Zebra<\/h3>\n<p>&nbsp;<\/p>\n<ul>\n<li>Tipo de uso: Estilistas de Profesi\u00f3n, Estudiantes de Academia, Uso personal.<\/li>\n<li>Tipo de Filo: Entresacadora Sencilla (1 Hoja)<\/li>\n<li>Tama\u00f1o: 6 Pulgadas<\/li>\n<li><em>Raugcci es una marca con 20 a\u00f1os de presencia en el mercado gracias a su excelente y reconocida calidad.\u00a0<\/em><\/li>\n<\/ul>\n","protected":false},"excerpt":{"rendered":"<p>Tijeras Raugcci L\u00ednea Profesional para Estilistas de larga duraci\u00f3n<\/p>\n<p>Un corte perfecto siempre dejar\u00e1 el mejor resultado<\/p>\n<p>Env\u00edos a toda Colombia!<\/p>\n","protected":false},"featured_media":512,"comment_status":"closed","ping_status":"closed","template":"","meta":[],"product_brand":[19],"product_cat":[20],"product_tag":[17],"class_list":{"0":"post-477","1":"product","2":"type-product","3":"status-publish","4":"has-post-thumbnail","6":"product_brand-raugcci","7":"product_cat-tijeras-de-entresacar","8":"product_tag-corte","10":"first","11":"instock","12":"shipping-taxable","13":"purchasable","14":"product-type-simple"},"_links":{"self":[{"href":"https:\/\/redescuentos.com\/index.php?rest_route=\/wp\/v2\/product\/477","targetHints":{"allow":["GET"]}}],"collection":[{"href":"https:\/\/redescuentos.com\/index.php?rest_route=\/wp\/v2\/product"}],"about":[{"href":"https:\/\/redescuentos.com\/index.php?rest_route=\/wp\/v2\/types\/product"}],"replies":[{"embeddable":true,"href":"https:\/\/redescuentos.com\/index.php?rest_route=%2Fwp%2Fv2%2Fcomments&post=477"}],"wp:featuredmedia":[{"embeddable":true,"href":"https:\/\/redescuentos.com\/index.php?rest_route=\/wp\/v2\/media\/512"}],"wp:attachment":[{"href":"https:\/\/redescuentos.com\/index.php?rest_route=%2Fwp%2Fv2%2Fmedia&parent=477"}],"wp:term":[{"taxonomy":"product_brand","embeddable":true,"href":"https:\/\/redescuentos.com\/index.php?rest_route=%2Fwp%2Fv2%2Fproduct_brand&post=477"},{"taxonomy":"product_cat","embeddable":true,"href":"https:\/\/redescuentos.com\/index.php?rest_route=%2Fwp%2Fv2%2Fproduct_cat&post=477"},{"taxonomy":"product_tag","embeddable":true,"href":"https:\/\/redescuentos.com\/index.php?rest_route=%2Fwp%2Fv2%2Fproduct_tag&post=477"}],"curies":[{"name":"wp","href":"https:\/\/api.w.org\/{rel}","templated":true}]}}